{"id":3570,"date":"2020-01-06T14:33:00","date_gmt":"2020-01-06T14:33:00","guid":{"rendered":"https:\/\/www.webdevcode.com\/wp\/eastend\/?page_id=3570"},"modified":"2021-08-18T11:05:20","modified_gmt":"2021-08-18T11:05:20","slug":"coaching-list-2","status":"publish","type":"page","link":"https:\/\/brokerfinanciar.ro\/index.php\/coaching-list-2\/","title":{"rendered":"Recuperari taxe strainatate"},"content":{"rendered":"\t\t<div data-elementor-type=\"wp-page\" data-elementor-id=\"3570\" class=\"elementor elementor-3570\" data-elementor-settings=\"[]\">\n\t\t\t\t\t\t<div class=\"elementor-inner\">\n\t\t\t\t\t\t\t<div class=\"elementor-section-wrap\">\n\t\t\t\t\t\t\t<section class=\"elementor-section elementor-top-section elementor-element elementor-element-01eabfa elementor-section-boxed elementor-section-height-default elementor-section-height-default\" data-id=\"01eabfa\" data-element_type=\"section\">\n\t\t\t\t\t\t<div class=\"elementor-container elementor-column-gap-default\">\n\t\t\t\t\t\t\t<div class=\"elementor-row\">\n\t\t\t\t\t<div class=\"elementor-column elementor-col-100 elementor-top-column elementor-element elementor-element-4f20aec\" data-id=\"4f20aec\" data-element_type=\"column\">\n\t\t\t<div class=\"elementor-column-wrap elementor-element-populated\">\n\t\t\t\t\t\t\t<div class=\"elementor-widget-wrap\">\n\t\t\t\t\t\t<div class=\"elementor-element elementor-element-c63417f elementor-widget elementor-widget-section-title-addons\" data-id=\"c63417f\" data-element_type=\"widget\" data-widget_type=\"section-title-addons.default\">\n\t\t\t\t<div class=\"elementor-widget-container\">\n\t\t\t            <div class=\"section-title title-style-1 section-title-left\">\r\n                \r\n                <h5>Ofertele noastre<\/h5><h2>Lista Ofertelor de Recuperari taxe<\/h2><div class=\"em-bar-main\">\r\n                                <div class=\"em-bar em-bar-big\"><\/div>\r\n                            <\/div>            <\/div>\r\n\r\n        \t\t<\/div>\n\t\t\t\t<\/div>\n\t\t\t\t<section class=\"elementor-section elementor-inner-section elementor-element elementor-element-e5f2ee3 elementor-section-boxed elementor-section-height-default elementor-section-height-default\" data-id=\"e5f2ee3\" data-element_type=\"section\">\n\t\t\t\t\t\t<div class=\"elementor-container elementor-column-gap-default\">\n\t\t\t\t\t\t\t<div class=\"elementor-row\">\n\t\t\t\t\t<div class=\"elementor-column elementor-col-33 elementor-inner-column elementor-element elementor-element-e90103d\" data-id=\"e90103d\" data-element_type=\"column\">\n\t\t\t<div class=\"elementor-column-wrap elementor-element-populated\">\n\t\t\t\t\t\t\t<div class=\"elementor-widget-wrap\">\n\t\t\t\t\t\t<div class=\"elementor-element elementor-element-5280983 elementor-widget elementor-widget-section-coaching\" data-id=\"5280983\" data-element_type=\"widget\" data-widget_type=\"section-coaching.default\">\n\t\t\t\t<div class=\"elementor-widget-container\">\n\t\t\t            <div class=\"coaching-eastend\">\r\n                \r\n                <div class=\"em_single_coaching\">  \r\n                                    <a href=\"#\"><div class=\"em_coaching_thumb\"><img decoding=\"async\" class=\"img-fluid\" src=\"https:\/\/brokerfinanciar.ro\/wp-content\/uploads\/2019\/06\/03-1.jpg\" alt=\"\"><\/div><\/a>\r\n                                <div class=\"em_coaching_content\">\r\n                                    <div class=\"em_coaching_title\"><h2><a href=\"#\">Pachetul 1<\/a><\/h2><\/div>\r\n                                    <div class=\"em_coaching_text\"><p>\u201eNeque porro quisquam est qui dolorem ipsum quia dolor sit amet, consectetur, adipisci velit ...Nim\u0103nui nu-i place durerea \u00een sine, nici nu o caut\u0103 sau o dore\u015fte, deoarece este durere\u201d<\/p><\/div>\r\n                                <\/div>\r\n                            <\/div>\r\n            <\/div>\r\n\r\n        \t\t<\/div>\n\t\t\t\t<\/div>\n\t\t\t\t<div class=\"elementor-element elementor-element-138a64e elementor-widget elementor-widget-section-coaching\" data-id=\"138a64e\" data-element_type=\"widget\" data-widget_type=\"section-coaching.default\">\n\t\t\t\t<div class=\"elementor-widget-container\">\n\t\t\t            <div class=\"coaching-eastend\">\r\n                \r\n                <div class=\"em_single_coaching\">  \r\n                                    <a href=\"#\"><div class=\"em_coaching_thumb\"><img decoding=\"async\" class=\"img-fluid\" src=\"https:\/\/brokerfinanciar.ro\/wp-content\/uploads\/2019\/07\/blog-img-3-1.jpg\" alt=\"\"><\/div><\/a>\r\n                                <div class=\"em_coaching_content\">\r\n                                    <div class=\"em_coaching_title\"><h2><a href=\"#\">Pachetul 4<\/a><\/h2><\/div>\r\n                                    <div class=\"em_coaching_text\"><p>\u201eNeque porro quisquam est qui dolorem ipsum quia dolor sit amet, consectetur, adipisci velit ...Nim\u0103nui nu-i place durerea \u00een sine, nici nu o caut\u0103 sau o dore\u015fte, deoarece este durere\u201d<\/p><\/div>\r\n                                <\/div>\r\n                            <\/div>\r\n            <\/div>\r\n\r\n        \t\t<\/div>\n\t\t\t\t<\/div>\n\t\t\t\t\t\t<\/div>\n\t\t\t\t\t<\/div>\n\t\t<\/div>\n\t\t\t\t<div class=\"elementor-column elementor-col-33 elementor-inner-column elementor-element elementor-element-1234f8e\" data-id=\"1234f8e\" data-element_type=\"column\">\n\t\t\t<div class=\"elementor-column-wrap elementor-element-populated\">\n\t\t\t\t\t\t\t<div class=\"elementor-widget-wrap\">\n\t\t\t\t\t\t<div class=\"elementor-element elementor-element-f3d85ea elementor-widget elementor-widget-section-coaching\" data-id=\"f3d85ea\" data-element_type=\"widget\" data-widget_type=\"section-coaching.default\">\n\t\t\t\t<div class=\"elementor-widget-container\">\n\t\t\t            <div class=\"coaching-eastend\">\r\n                \r\n                <div class=\"em_single_coaching\">  \r\n                                    <a href=\"#\"><div class=\"em_coaching_thumb\"><img decoding=\"async\" class=\"img-fluid\" src=\"https:\/\/brokerfinanciar.ro\/wp-content\/uploads\/2020\/04\/consulting-3031678_1920.jpg\" alt=\"\"><\/div><\/a>\r\n                                <div class=\"em_coaching_content\">\r\n                                    <div class=\"em_coaching_title\"><h2><a href=\"#\">Pachetul 2<\/a><\/h2><\/div>\r\n                                    <div class=\"em_coaching_text\"><p>\u201eNeque porro quisquam est qui dolorem ipsum quia dolor sit amet, consectetur, adipisci velit ...Nim\u0103nui nu-i place durerea \u00een sine, nici nu o caut\u0103 sau o dore\u015fte, deoarece este durere\u201d<\/p><\/div>\r\n                                <\/div>\r\n                            <\/div>\r\n            <\/div>\r\n\r\n        \t\t<\/div>\n\t\t\t\t<\/div>\n\t\t\t\t<div class=\"elementor-element elementor-element-7410809 elementor-widget elementor-widget-section-coaching\" data-id=\"7410809\" data-element_type=\"widget\" data-widget_type=\"section-coaching.default\">\n\t\t\t\t<div class=\"elementor-widget-container\">\n\t\t\t            <div class=\"coaching-eastend\">\r\n                \r\n                <div class=\"em_single_coaching\">  \r\n                                    <a href=\"#\"><div class=\"em_coaching_thumb\"><img decoding=\"async\" class=\"img-fluid\" src=\"https:\/\/brokerfinanciar.ro\/wp-content\/uploads\/2019\/07\/blog-img-5-1.jpg\" alt=\"\"><\/div><\/a>\r\n                                <div class=\"em_coaching_content\">\r\n                                    <div class=\"em_coaching_title\"><h2><a href=\"#\">Pachetul 5<\/a><\/h2><\/div>\r\n                                    <div class=\"em_coaching_text\"><p>\u201eNeque porro quisquam est qui dolorem ipsum quia dolor sit amet, consectetur, adipisci velit ...Nim\u0103nui nu-i place durerea \u00een sine, nici nu o caut\u0103 sau o dore\u015fte, deoarece este durere\u201d<\/p><\/div>\r\n                                <\/div>\r\n                            <\/div>\r\n            <\/div>\r\n\r\n        \t\t<\/div>\n\t\t\t\t<\/div>\n\t\t\t\t\t\t<\/div>\n\t\t\t\t\t<\/div>\n\t\t<\/div>\n\t\t\t\t<div class=\"elementor-column elementor-col-33 elementor-inner-column elementor-element elementor-element-3e6be16\" data-id=\"3e6be16\" data-element_type=\"column\">\n\t\t\t<div class=\"elementor-column-wrap elementor-element-populated\">\n\t\t\t\t\t\t\t<div class=\"elementor-widget-wrap\">\n\t\t\t\t\t\t<div class=\"elementor-element elementor-element-75a15c2 elementor-widget elementor-widget-section-coaching\" data-id=\"75a15c2\" data-element_type=\"widget\" data-widget_type=\"section-coaching.default\">\n\t\t\t\t<div class=\"elementor-widget-container\">\n\t\t\t            <div class=\"coaching-eastend\">\r\n                \r\n                <div class=\"em_single_coaching\">  \r\n                                    <a href=\"#\"><div class=\"em_coaching_thumb\"><img decoding=\"async\" class=\"img-fluid\" src=\"https:\/\/brokerfinanciar.ro\/wp-content\/uploads\/2019\/07\/08-1-1.jpg\" alt=\"\"><\/div><\/a>\r\n                                <div class=\"em_coaching_content\">\r\n                                    <div class=\"em_coaching_title\"><h2><a href=\"#\">Pachetul 3<\/a><\/h2><\/div>\r\n                                    <div class=\"em_coaching_text\"><p>\u201eNeque porro quisquam est qui dolorem ipsum quia dolor sit amet, consectetur, adipisci velit ...Nim\u0103nui nu-i place durerea \u00een sine, nici nu o caut\u0103 sau o dore\u015fte, deoarece este durere\u201d<\/p><\/div>\r\n                                <\/div>\r\n                            <\/div>\r\n            <\/div>\r\n\r\n        \t\t<\/div>\n\t\t\t\t<\/div>\n\t\t\t\t\t\t<\/div>\n\t\t\t\t\t<\/div>\n\t\t<\/div>\n\t\t\t\t\t\t\t\t<\/div>\n\t\t\t\t\t<\/div>\n\t\t<\/section>\n\t\t\t\t\t\t<\/div>\n\t\t\t\t\t<\/div>\n\t\t<\/div>\n\t\t\t\t\t\t\t\t<\/div>\n\t\t\t\t\t<\/div>\n\t\t<\/section>\n\t\t\t\t<section class=\"elementor-section elementor-top-section elementor-element elementor-element-1ca8149 elementor-section-boxed elementor-section-height-default elementor-section-height-default\" data-id=\"1ca8149\" data-element_type=\"section\">\n\t\t\t\t\t\t<div class=\"elementor-container elementor-column-gap-default\">\n\t\t\t\t\t\t\t<div class=\"elementor-row\">\n\t\t\t\t\t<div class=\"elementor-column elementor-col-100 elementor-top-column elementor-element elementor-element-e265984\" data-id=\"e265984\" data-element_type=\"column\">\n\t\t\t<div class=\"elementor-column-wrap elementor-element-populated\">\n\t\t\t\t\t\t\t<div class=\"elementor-widget-wrap\">\n\t\t\t\t\t\t<div class=\"elementor-element elementor-element-aba412a elementor-widget elementor-widget-shortcode\" data-id=\"aba412a\" data-element_type=\"widget\" data-widget_type=\"shortcode.default\">\n\t\t\t\t<div class=\"elementor-widget-container\">\n\t\t\t\t\t<div class=\"elementor-shortcode\"><div class=\"carousel-slider-outer carousel-slider-outer-images carousel-slider-outer-4104\">\n\t<style type=\"text\/css\">\n            #id-4104 .carousel-slider-nav-icon {\n                fill: #f1f1f1\n            }\n            #id-4104 .carousel-slider-nav-icon:hover {\n                fill: #00d1b2\n            }\n            #id-4104 .owl-prev,\n            #id-4104 .owl-next,\n            #id-4104 .carousel-slider-nav-icon {\n                height: 48px;\n                width: 48px\n            }\n            #id-4104.arrows-outside .owl-prev {\n                left: -48px\n            }\n            #id-4104.arrows-outside .owl-next {\n                right: -48px\n            }\n        \n\t\t    #id-4104 .owl-dots .owl-dot span {\n                background-color: #f1f1f1;\n                width: 10px;\n                height: 10px;\n            }\n            #id-4104 .owl-dots .owl-dot.active span,\n            #id-4104 .owl-dots .owl-dot:hover span {\n                background-color: #00d1b2\n            }\n\t\t<\/style>\t<div id=\"id-4104\" class=\"owl-carousel carousel-slider arrows-outside arrows-visible-hover dots-hidden dots-center dots-square\" data-slide-type=\"image-carousel\" data-margin=\"10\" data-slide-by=\"1\" data-loop=\"true\" data-lazy-load=\"false\" data-stage-padding=\"0\" data-auto-width=\"false\" data-dots=\"false\" data-nav=\"true\" data-autoplay=\"true\" data-autoplay-timeout=\"2000\" data-autoplay-speed=\"2000\" data-autoplay-hover-pause=\"true\" data-colums=\"4\" data-colums-desktop=\"4\" data-colums-small-desktop=\"4\" data-colums-tablet=\"3\" data-colums-small-tablet=\"2\" data-colums-mobile=\"1\">\n\t\t<div class=\"carousel-slider__item\"><img loading=\"lazy\" decoding=\"async\" width=\"300\" height=\"231\" src=\"https:\/\/brokerfinanciar.ro\/wp-content\/uploads\/2019\/07\/05-1-300x231.jpg\" class=\"attachment-medium size-medium\" alt=\"\" srcset=\"https:\/\/brokerfinanciar.ro\/wp-content\/uploads\/2019\/07\/05-1-300x231.jpg 300w, https:\/\/brokerfinanciar.ro\/wp-content\/uploads\/2019\/07\/05-1.jpg 390w\" sizes=\"auto, (max-width: 300px) 100vw, 300px\" \/><\/div><div class=\"carousel-slider__item\"><img loading=\"lazy\" decoding=\"async\" width=\"300\" height=\"231\" src=\"https:\/\/brokerfinanciar.ro\/wp-content\/uploads\/2019\/07\/08-1-1-300x231.jpg\" class=\"attachment-medium size-medium\" alt=\"\" srcset=\"https:\/\/brokerfinanciar.ro\/wp-content\/uploads\/2019\/07\/08-1-1-300x231.jpg 300w, https:\/\/brokerfinanciar.ro\/wp-content\/uploads\/2019\/07\/08-1-1.jpg 390w\" sizes=\"auto, (max-width: 300px) 100vw, 300px\" \/><\/div><div class=\"carousel-slider__item\"><img loading=\"lazy\" decoding=\"async\" width=\"300\" height=\"234\" src=\"https:\/\/brokerfinanciar.ro\/wp-content\/uploads\/2020\/04\/MEETING-300x234.jpg\" class=\"attachment-medium size-medium\" alt=\"\" srcset=\"https:\/\/brokerfinanciar.ro\/wp-content\/uploads\/2020\/04\/MEETING-300x234.jpg 300w, https:\/\/brokerfinanciar.ro\/wp-content\/uploads\/2020\/04\/MEETING.jpg 334w\" sizes=\"auto, (max-width: 300px) 100vw, 300px\" \/><\/div><div class=\"carousel-slider__item\"><img loading=\"lazy\" decoding=\"async\" width=\"300\" height=\"234\" src=\"https:\/\/brokerfinanciar.ro\/wp-content\/uploads\/2020\/04\/STUDY-300x234.jpg\" class=\"attachment-medium size-medium\" alt=\"\" srcset=\"https:\/\/brokerfinanciar.ro\/wp-content\/uploads\/2020\/04\/STUDY-300x234.jpg 300w, https:\/\/brokerfinanciar.ro\/wp-content\/uploads\/2020\/04\/STUDY.jpg 355w\" sizes=\"auto, (max-width: 300px) 100vw, 300px\" \/><\/div><div class=\"carousel-slider__item\"><img loading=\"lazy\" decoding=\"async\" width=\"300\" height=\"235\" src=\"https:\/\/brokerfinanciar.ro\/wp-content\/uploads\/2020\/04\/TEENS-300x235.jpg\" class=\"attachment-medium size-medium\" alt=\"\" srcset=\"https:\/\/brokerfinanciar.ro\/wp-content\/uploads\/2020\/04\/TEENS-300x235.jpg 300w, https:\/\/brokerfinanciar.ro\/wp-content\/uploads\/2020\/04\/TEENS.jpg 360w\" sizes=\"auto, (max-width: 300px) 100vw, 300px\" \/><\/div>\t<\/div><!-- #id-## -->\n<\/div>\n<\/div>\n\t\t\t\t<\/div>\n\t\t\t\t<\/div>\n\t\t\t\t\t\t<\/div>\n\t\t\t\t\t<\/div>\n\t\t<\/div>\n\t\t\t\t\t\t\t\t<\/div>\n\t\t\t\t\t<\/div>\n\t\t<\/section>\n\t\t\t\t\t\t<\/div>\n\t\t\t\t\t\t<\/div>\n\t\t\t\t\t<\/div>\n\t\t","protected":false},"excerpt":{"rendered":"<p>Ofertele noastre Lista Ofertelor de Recuperari taxe Pachetul 1 \u201eNeque porro quisquam est qui dolorem ipsum quia dolor sit amet, consectetur, adipisci velit &#8230;Nim\u0103nui nu-i place durerea \u00een sine, nici nu o caut\u0103 sau o dore\u015fte, deoarece este durere\u201d Pachetul 4 \u201eNeque porro quisquam est qui dolorem ipsum quia dolor sit amet, consectetur, adipisci velit [&hellip;]<\/p>\n","protected":false},"author":1,"featured_media":0,"parent":0,"menu_order":0,"comment_status":"closed","ping_status":"closed","template":"page-templates\/template-default.php","meta":{"footnotes":""},"class_list":["post-3570","page","type-page","status-publish","hentry"],"_links":{"self":[{"href":"https:\/\/brokerfinanciar.ro\/index.php\/wp-json\/wp\/v2\/pages\/3570","targetHints":{"allow":["GET"]}}],"collection":[{"href":"https:\/\/brokerfinanciar.ro\/index.php\/wp-json\/wp\/v2\/pages"}],"about":[{"href":"https:\/\/brokerfinanciar.ro\/index.php\/wp-json\/wp\/v2\/types\/page"}],"author":[{"embeddable":true,"href":"https:\/\/brokerfinanciar.ro\/index.php\/wp-json\/wp\/v2\/users\/1"}],"replies":[{"embeddable":true,"href":"https:\/\/brokerfinanciar.ro\/index.php\/wp-json\/wp\/v2\/comments?post=3570"}],"version-history":[{"count":18,"href":"https:\/\/brokerfinanciar.ro\/index.php\/wp-json\/wp\/v2\/pages\/3570\/revisions"}],"predecessor-version":[{"id":4646,"href":"https:\/\/brokerfinanciar.ro\/index.php\/wp-json\/wp\/v2\/pages\/3570\/revisions\/4646"}],"wp:attachment":[{"href":"https:\/\/brokerfinanciar.ro\/index.php\/wp-json\/wp\/v2\/media?parent=3570"}],"curies":[{"name":"wp","href":"https:\/\/api.w.org\/{rel}","templated":true}]}}