{"id":1637,"date":"2018-09-05T09:41:25","date_gmt":"2018-09-05T09:41:25","guid":{"rendered":"http:\/\/localhost\/eastend\/?page_id=1637"},"modified":"2025-12-13T15:16:58","modified_gmt":"2025-12-13T15:16:58","slug":"country-details","status":"publish","type":"page","link":"https:\/\/brokerfinanciar.ro\/index.php\/country-details\/","title":{"rendered":"Radiere din biroul de credit"},"content":{"rendered":"\t\t<div data-elementor-type=\"wp-page\" data-elementor-id=\"1637\" class=\"elementor elementor-1637\" data-elementor-settings=\"[]\">\n\t\t\t\t\t\t<div class=\"elementor-inner\">\n\t\t\t\t\t\t\t<div class=\"elementor-section-wrap\">\n\t\t\t\t\t\t\t<section class=\"elementor-section elementor-top-section elementor-element elementor-element-ec9f593 elementor-section-boxed elementor-section-height-default elementor-section-height-default\" data-id=\"ec9f593\" data-element_type=\"section\" data-settings=\"{&quot;background_background&quot;:&quot;classic&quot;}\">\n\t\t\t\t\t\t<div class=\"elementor-container elementor-column-gap-default\">\n\t\t\t\t\t\t\t<div class=\"elementor-row\">\n\t\t\t\t\t<div class=\"elementor-column elementor-col-50 elementor-top-column elementor-element elementor-element-bf07b99\" data-id=\"bf07b99\" data-element_type=\"column\">\n\t\t\t<div class=\"elementor-column-wrap elementor-element-populated\">\n\t\t\t\t\t\t\t<div class=\"elementor-widget-wrap\">\n\t\t\t\t\t\t<section class=\"elementor-section elementor-inner-section elementor-element elementor-element-979a32c elementor-section-boxed elementor-section-height-default elementor-section-height-default\" data-id=\"979a32c\" data-element_type=\"section\">\n\t\t\t\t\t\t<div class=\"elementor-container elementor-column-gap-default\">\n\t\t\t\t\t\t\t<div class=\"elementor-row\">\n\t\t\t\t\t<div class=\"elementor-column elementor-col-100 elementor-inner-column elementor-element elementor-element-efeeb08\" data-id=\"efeeb08\" data-element_type=\"column\">\n\t\t\t<div class=\"elementor-column-wrap elementor-element-populated\">\n\t\t\t\t\t\t\t<div class=\"elementor-widget-wrap\">\n\t\t\t\t\t\t<div class=\"elementor-element elementor-element-9f7b651 elementor-widget elementor-widget-image\" data-id=\"9f7b651\" data-element_type=\"widget\" data-widget_type=\"image.default\">\n\t\t\t\t<div class=\"elementor-widget-container\">\n\t\t\t\t\t\t\t\t<div class=\"elementor-image\">\n\t\t\t\t\t\t\t\t\t\t\t\t<img loading=\"lazy\" decoding=\"async\" width=\"900\" height=\"550\" src=\"https:\/\/brokerfinanciar.ro\/wp-content\/uploads\/2019\/07\/2-1.jpg\" class=\"attachment-full size-full\" alt=\"\" \/>\t\t\t\t\t\t\t\t\t\t\t\t\t\t<\/div>\n\t\t\t\t\t\t<\/div>\n\t\t\t\t<\/div>\n\t\t\t\t\t\t<\/div>\n\t\t\t\t\t<\/div>\n\t\t<\/div>\n\t\t\t\t\t\t\t\t<\/div>\n\t\t\t\t\t<\/div>\n\t\t<\/section>\n\t\t\t\t<section class=\"elementor-section elementor-inner-section elementor-element elementor-element-20d3ad4 elementor-section-boxed elementor-section-height-default elementor-section-height-default\" data-id=\"20d3ad4\" data-element_type=\"section\">\n\t\t\t\t\t\t<div class=\"elementor-container elementor-column-gap-default\">\n\t\t\t\t\t\t\t<div class=\"elementor-row\">\n\t\t\t\t\t<div class=\"elementor-column elementor-col-100 elementor-inner-column elementor-element elementor-element-56317c4\" data-id=\"56317c4\" data-element_type=\"column\">\n\t\t\t<div class=\"elementor-column-wrap elementor-element-populated\">\n\t\t\t\t\t\t\t<div class=\"elementor-widget-wrap\">\n\t\t\t\t\t\t<div class=\"elementor-element elementor-element-4278bfd elementor-hidden-desktop elementor-hidden-tablet elementor-hidden-phone elementor-widget elementor-widget-heading\" data-id=\"4278bfd\" data-element_type=\"widget\" data-widget_type=\"heading.default\">\n\t\t\t\t<div class=\"elementor-widget-container\">\n\t\t\t<h3 class=\"elementor-heading-title elementor-size-default\">Pentru radiere completa\u021bi urm\u0103torul formular iar noi v\u0103 vom contacta \u00een cel mai scurt timp pentru a v\u0103\u00a0acorda\u00a0sprijin.<\/h3>\t\t<\/div>\n\t\t\t\t<\/div>\n\t\t\t\t<div class=\"elementor-element elementor-element-cc3c33b elementor-widget elementor-widget-contact-form-7\" data-id=\"cc3c33b\" data-element_type=\"widget\" data-widget_type=\"contact-form-7.default\">\n\t\t\t\t<div class=\"elementor-widget-container\">\n\t\t\t<div role=\"form\" class=\"wpcf7\" id=\"wpcf7-f3544-o1\" lang=\"en-US\" dir=\"ltr\">\n<div class=\"screen-reader-response\"><p role=\"status\" aria-live=\"polite\" aria-atomic=\"true\"><\/p> <ul><\/ul><\/div>\n<form action=\"\/index.php\/wp-json\/wp\/v2\/pages\/1637#wpcf7-f3544-o1\" method=\"post\" class=\"wpcf7-form init\" enctype=\"multipart\/form-data\" novalidate=\"novalidate\" data-status=\"init\">\n<div style=\"display: none;\">\n<input type=\"hidden\" name=\"_wpcf7\" value=\"3544\" \/>\n<input type=\"hidden\" name=\"_wpcf7_version\" value=\"5.4.2\" \/>\n<input type=\"hidden\" name=\"_wpcf7_locale\" value=\"en_US\" \/>\n<input type=\"hidden\" name=\"_wpcf7_unit_tag\" value=\"wpcf7-f3544-o1\" \/>\n<input type=\"hidden\" name=\"_wpcf7_container_post\" value=\"0\" \/>\n<input type=\"hidden\" name=\"_wpcf7_posted_data_hash\" value=\"\" \/>\n<\/div>\n<div class=\"form-row\">\n<div class=\"form-group col-md-6\">\n<label> Numele complet <span class=\"required\">*<\/span><\/label><br \/>\n<span class=\"wpcf7-form-control-wrap your-name\"><input type=\"text\" name=\"your-name\" value=\"\" size=\"40\" class=\"wpcf7-form-control wpcf7-text wpcf7-validates-as-required form-control\" aria-required=\"true\" aria-invalid=\"false\" \/><\/span>\n<\/div>\n<\/div>\n<div class=\"form-row\">\n<div class=\"form-group col-md-6\">\n<label> Telefon <span class=\"required\">*<\/span><\/label><br \/>\n<span class=\"wpcf7-form-control-wrap tel-624\"><input type=\"tel\" name=\"tel-624\" value=\"\" size=\"40\" class=\"wpcf7-form-control wpcf7-text wpcf7-tel wpcf7-validates-as-required wpcf7-validates-as-tel bar\" id=\"foo\" aria-required=\"true\" aria-invalid=\"false\" \/><\/span>\n<\/div>\n<\/div>\n<div class=\"form-group col-md-6\">\n<label> Adres\u0103 Email <span class=\"required\">*<\/span><\/label><br \/>\n    <span class=\"wpcf7-form-control-wrap your-email\"><input type=\"email\" name=\"your-email\" value=\"\" size=\"40\" class=\"wpcf7-form-control wpcf7-text wpcf7-email wpcf7-validates-as-required wpcf7-validates-as-email form-control\" aria-required=\"true\" aria-invalid=\"false\" \/><\/span>\n<\/div>\n<\/div>\n<div class=\"form-row\">\n<div class=\"form-group col-md-6\">\n<label> Disponibiliate <span class=\"required\">*<\/span><\/label><br \/>\n<span class=\"wpcf7-form-control-wrap textarea-673\"><textarea name=\"textarea-673\" cols=\"40\" rows=\"10\" class=\"wpcf7-form-control wpcf7-textarea wpcf7-validates-as-required bar\" id=\"foo\" aria-required=\"true\" aria-invalid=\"false\" placeholder=\"Disponibilitate \u00eencep\u00e2nd cu data de\"><\/textarea><\/span>\n<\/div>\n<\/div>\n<div class=\"form-group col-md-6\">\n<label> Servicii <span class=\"required\">*<\/span> <\/label><br \/>\n<span class=\"wpcf7-form-control-wrap dropdown\"><select name=\"dropdown\" class=\"wpcf7-form-control wpcf7-select wpcf7-validates-as-required\" aria-required=\"true\" aria-invalid=\"false\"><option value=\"Locuri de munca strainatate\">Locuri de munca strainatate<\/option><option value=\"\u0218tergere birou de credit\">\u0218tergere birou de credit<\/option><option value=\"Recuperari taxe strainatate\">Recuperari taxe strainatate<\/option><\/select><\/span>\n<\/div>\n<\/div>\n<div class=\"form-row your-message\">\n<div class=\"form-group col-md-12\">\n<label> Mesajul Dvs <\/label><br \/>\n<span class=\"wpcf7-form-control-wrap your-message\"><textarea name=\"your-message\" cols=\"40\" rows=\"4\" class=\"wpcf7-form-control wpcf7-textarea\" aria-invalid=\"false\"><\/textarea><\/span>\n<\/div>\n<\/div>\n<div class=\"form-row\">\n<div class=\"form-group col-md-6\">\n<label> \u00cenc\u0103rca\u021bi fi\u0219ierul aici <\/label><br \/>\n    <span class=\"wpcf7-form-control-wrap file-455\"><input type=\"file\" name=\"file-455\" size=\"40\" class=\"wpcf7-form-control wpcf7-file bar\" id=\"foo\" accept=\".png,.jpg,.jpeg,.pdf,.docx\" aria-invalid=\"false\" \/><\/span>\n<\/div>\n<\/div>\n<p><span class=\"wpcf7-form-control-wrap acceptance-812\"><span class=\"wpcf7-form-control wpcf7-acceptance optional\"><span class=\"wpcf7-list-item\"><label><input type=\"checkbox\" name=\"acceptance-812\" value=\"1\" aria-invalid=\"false\" class=\"bar\" id=\"foo\" \/><span class=\"wpcf7-list-item-label\">Acordul GDPR: Accept ca acest site web s\u0103 stocheze informa\u021biile trimise pentru a putea r\u0103spunde la solicitarea mea<\/span><\/label><\/span><\/span><\/span><\/p>\n<div class=\"form-row\">\n<div class=\"form-group col-md-12\">\n<input type=\"submit\" value=\"Trimite\" class=\"wpcf7-form-control wpcf7-submit btn btn-primary\" \/>\n<\/div>\n<\/div>\n<div class=\"wpcf7-response-output\" aria-hidden=\"true\"><\/div><\/form><\/div>\t\t<\/div>\n\t\t\t\t<\/div>\n\t\t\t\t\t\t<\/div>\n\t\t\t\t\t<\/div>\n\t\t<\/div>\n\t\t\t\t\t\t\t\t<\/div>\n\t\t\t\t\t<\/div>\n\t\t<\/section>\n\t\t\t\t\t\t<\/div>\n\t\t\t\t\t<\/div>\n\t\t<\/div>\n\t\t\t\t<div class=\"elementor-column elementor-col-50 elementor-top-column elementor-element elementor-element-398d53b elementor-hidden-desktop elementor-hidden-tablet elementor-hidden-mobile\" data-id=\"398d53b\" data-element_type=\"column\">\n\t\t\t<div class=\"elementor-column-wrap elementor-element-populated\">\n\t\t\t\t\t\t\t<div class=\"elementor-widget-wrap\">\n\t\t\t\t\t\t<div class=\"elementor-element elementor-element-3bc20b6 elementor-hidden-desktop elementor-hidden-tablet elementor-hidden-mobile elementor-widget elementor-widget-html\" data-id=\"3bc20b6\" data-element_type=\"widget\" data-widget_type=\"html.default\">\n\t\t\t\t<div class=\"elementor-widget-container\">\n\t\t\t<div class=\"country-contact\">\r\n\t<div class=\"country-icon\">\r\n\t\t<i class=\"flaticon-phone-call-1\"><\/i>\r\n\t<\/div>\r\n\t<div class=\"country-contact-text\">\r\n\t\t<p>Suntem disponibili la num\u0103rul de telefon <span>+40760889900<\/span> <\/p>\r\n\t<\/div>\r\n<\/div>\t\t<\/div>\n\t\t\t\t<\/div>\n\t\t\t\t\t\t<\/div>\n\t\t\t\t\t<\/div>\n\t\t<\/div>\n\t\t\t\t\t\t\t\t<\/div>\n\t\t\t\t\t<\/div>\n\t\t<\/section>\n\t\t\t\t<section class=\"elementor-section elementor-top-section elementor-element elementor-element-ff4b79f elementor-section-boxed elementor-section-height-default elementor-section-height-default\" data-id=\"ff4b79f\" data-element_type=\"section\">\n\t\t\t\t\t\t<div class=\"elementor-container elementor-column-gap-default\">\n\t\t\t\t\t\t\t<div class=\"elementor-row\">\n\t\t\t\t\t<div class=\"elementor-column elementor-col-100 elementor-top-column elementor-element elementor-element-498ebe4\" data-id=\"498ebe4\" data-element_type=\"column\">\n\t\t\t<div class=\"elementor-column-wrap elementor-element-populated\">\n\t\t\t\t\t\t\t<div class=\"elementor-widget-wrap\">\n\t\t\t\t\t\t<div class=\"elementor-element elementor-element-af79403 elementor-widget elementor-widget-shortcode\" data-id=\"af79403\" data-element_type=\"widget\" data-widget_type=\"shortcode.default\">\n\t\t\t\t<div class=\"elementor-widget-container\">\n\t\t\t\t\t<div class=\"elementor-shortcode\"><div class=\"carousel-slider-outer carousel-slider-outer-images carousel-slider-outer-4104\">\n\t<style type=\"text\/css\">\n            #id-4104 .carousel-slider-nav-icon {\n                fill: #f1f1f1\n            }\n            #id-4104 .carousel-slider-nav-icon:hover {\n                fill: #00d1b2\n            }\n            #id-4104 .owl-prev,\n            #id-4104 .owl-next,\n            #id-4104 .carousel-slider-nav-icon {\n                height: 48px;\n                width: 48px\n            }\n            #id-4104.arrows-outside .owl-prev {\n                left: -48px\n            }\n            #id-4104.arrows-outside .owl-next {\n                right: -48px\n            }\n        \n\t\t    #id-4104 .owl-dots .owl-dot span {\n                background-color: #f1f1f1;\n                width: 10px;\n                height: 10px;\n            }\n            #id-4104 .owl-dots .owl-dot.active span,\n            #id-4104 .owl-dots .owl-dot:hover span {\n                background-color: #00d1b2\n            }\n\t\t<\/style>\t<div id=\"id-4104\" class=\"owl-carousel carousel-slider arrows-outside arrows-visible-hover dots-hidden dots-center dots-square\" data-slide-type=\"image-carousel\" data-margin=\"10\" data-slide-by=\"1\" data-loop=\"true\" data-lazy-load=\"false\" data-stage-padding=\"0\" data-auto-width=\"false\" data-dots=\"false\" data-nav=\"true\" data-autoplay=\"true\" data-autoplay-timeout=\"2000\" data-autoplay-speed=\"2000\" data-autoplay-hover-pause=\"true\" data-colums=\"4\" data-colums-desktop=\"4\" data-colums-small-desktop=\"4\" data-colums-tablet=\"3\" data-colums-small-tablet=\"2\" data-colums-mobile=\"1\">\n\t\t<div class=\"carousel-slider__item\"><img loading=\"lazy\" decoding=\"async\" width=\"300\" height=\"231\" src=\"https:\/\/brokerfinanciar.ro\/wp-content\/uploads\/2019\/07\/05-1-300x231.jpg\" class=\"attachment-medium size-medium\" alt=\"\" srcset=\"https:\/\/brokerfinanciar.ro\/wp-content\/uploads\/2019\/07\/05-1-300x231.jpg 300w, https:\/\/brokerfinanciar.ro\/wp-content\/uploads\/2019\/07\/05-1.jpg 390w\" sizes=\"auto, (max-width: 300px) 100vw, 300px\" \/><\/div><div class=\"carousel-slider__item\"><img loading=\"lazy\" decoding=\"async\" width=\"300\" height=\"231\" src=\"https:\/\/brokerfinanciar.ro\/wp-content\/uploads\/2019\/07\/08-1-1-300x231.jpg\" class=\"attachment-medium size-medium\" alt=\"\" srcset=\"https:\/\/brokerfinanciar.ro\/wp-content\/uploads\/2019\/07\/08-1-1-300x231.jpg 300w, https:\/\/brokerfinanciar.ro\/wp-content\/uploads\/2019\/07\/08-1-1.jpg 390w\" sizes=\"auto, (max-width: 300px) 100vw, 300px\" \/><\/div><div class=\"carousel-slider__item\"><img loading=\"lazy\" decoding=\"async\" width=\"300\" height=\"234\" src=\"https:\/\/brokerfinanciar.ro\/wp-content\/uploads\/2020\/04\/MEETING-300x234.jpg\" class=\"attachment-medium size-medium\" alt=\"\" srcset=\"https:\/\/brokerfinanciar.ro\/wp-content\/uploads\/2020\/04\/MEETING-300x234.jpg 300w, https:\/\/brokerfinanciar.ro\/wp-content\/uploads\/2020\/04\/MEETING.jpg 334w\" sizes=\"auto, (max-width: 300px) 100vw, 300px\" \/><\/div><div class=\"carousel-slider__item\"><img loading=\"lazy\" decoding=\"async\" width=\"300\" height=\"234\" src=\"https:\/\/brokerfinanciar.ro\/wp-content\/uploads\/2020\/04\/STUDY-300x234.jpg\" class=\"attachment-medium size-medium\" alt=\"\" srcset=\"https:\/\/brokerfinanciar.ro\/wp-content\/uploads\/2020\/04\/STUDY-300x234.jpg 300w, https:\/\/brokerfinanciar.ro\/wp-content\/uploads\/2020\/04\/STUDY.jpg 355w\" sizes=\"auto, (max-width: 300px) 100vw, 300px\" \/><\/div><div class=\"carousel-slider__item\"><img loading=\"lazy\" decoding=\"async\" width=\"300\" height=\"235\" src=\"https:\/\/brokerfinanciar.ro\/wp-content\/uploads\/2020\/04\/TEENS-300x235.jpg\" class=\"attachment-medium size-medium\" alt=\"\" srcset=\"https:\/\/brokerfinanciar.ro\/wp-content\/uploads\/2020\/04\/TEENS-300x235.jpg 300w, https:\/\/brokerfinanciar.ro\/wp-content\/uploads\/2020\/04\/TEENS.jpg 360w\" sizes=\"auto, (max-width: 300px) 100vw, 300px\" \/><\/div>\t<\/div><!-- #id-## -->\n<\/div>\n<\/div>\n\t\t\t\t<\/div>\n\t\t\t\t<\/div>\n\t\t\t\t\t\t<\/div>\n\t\t\t\t\t<\/div>\n\t\t<\/div>\n\t\t\t\t\t\t\t\t<\/div>\n\t\t\t\t\t<\/div>\n\t\t<\/section>\n\t\t\t\t\t\t<\/div>\n\t\t\t\t\t\t<\/div>\n\t\t\t\t\t<\/div>\n\t\t","protected":false},"excerpt":{"rendered":"<p>Pentru radiere completa\u021bi urm\u0103torul formular iar noi v\u0103 vom contacta \u00een cel mai scurt timp pentru a v\u0103&nbsp;acorda&nbsp;sprijin. Numele complet * Telefon * Adres\u0103 Email * Disponibiliate * Servicii * Locuri de munca strainatate\u0218tergere birou de creditRecuperari taxe strainatate Mesajul Dvs \u00cenc\u0103rca\u021bi fi\u0219ierul aici Acordul GDPR: Accept ca acest site web s\u0103 stocheze informa\u021biile trimise [&hellip;]<\/p>\n","protected":false},"author":1,"featured_media":0,"parent":0,"menu_order":0,"comment_status":"closed","ping_status":"closed","template":"page-templates\/template-fullwidth.php","meta":{"footnotes":""},"class_list":["post-1637","page","type-page","status-publish","hentry"],"_links":{"self":[{"href":"https:\/\/brokerfinanciar.ro\/index.php\/wp-json\/wp\/v2\/pages\/1637","targetHints":{"allow":["GET"]}}],"collection":[{"href":"https:\/\/brokerfinanciar.ro\/index.php\/wp-json\/wp\/v2\/pages"}],"about":[{"href":"https:\/\/brokerfinanciar.ro\/index.php\/wp-json\/wp\/v2\/types\/page"}],"author":[{"embeddable":true,"href":"https:\/\/brokerfinanciar.ro\/index.php\/wp-json\/wp\/v2\/users\/1"}],"replies":[{"embeddable":true,"href":"https:\/\/brokerfinanciar.ro\/index.php\/wp-json\/wp\/v2\/comments?post=1637"}],"version-history":[{"count":34,"href":"https:\/\/brokerfinanciar.ro\/index.php\/wp-json\/wp\/v2\/pages\/1637\/revisions"}],"predecessor-version":[{"id":4649,"href":"https:\/\/brokerfinanciar.ro\/index.php\/wp-json\/wp\/v2\/pages\/1637\/revisions\/4649"}],"wp:attachment":[{"href":"https:\/\/brokerfinanciar.ro\/index.php\/wp-json\/wp\/v2\/media?parent=1637"}],"curies":[{"name":"wp","href":"https:\/\/api.w.org\/{rel}","templated":true}]}}