{"id":1572,"date":"2018-09-05T09:41:25","date_gmt":"2018-09-05T09:41:25","guid":{"rendered":"http:\/\/localhost\/eastend\/?page_id=1572"},"modified":"2020-07-19T17:54:56","modified_gmt":"2020-07-19T17:54:56","slug":"politica-de-confidentialitate-2","status":"publish","type":"page","link":"https:\/\/brokerfinanciar.ro\/index.php\/politica-de-confidentialitate-2\/","title":{"rendered":"Politica de confidentialitate"},"content":{"rendered":"\t\t<div data-elementor-type=\"wp-page\" data-elementor-id=\"1572\" class=\"elementor elementor-1572\" data-elementor-settings=\"[]\">\n\t\t\t\t\t\t<div class=\"elementor-inner\">\n\t\t\t\t\t\t\t<div class=\"elementor-section-wrap\">\n\t\t\t\t\t\t\t<section class=\"elementor-section elementor-top-section elementor-element elementor-element-418261c elementor-section-boxed elementor-section-height-default elementor-section-height-default\" data-id=\"418261c\" data-element_type=\"section\">\n\t\t\t\t\t\t<div class=\"elementor-container elementor-column-gap-default\">\n\t\t\t\t\t\t\t<div class=\"elementor-row\">\n\t\t\t\t\t<div class=\"elementor-column elementor-col-100 elementor-top-column elementor-element elementor-element-135bcae\" data-id=\"135bcae\" data-element_type=\"column\">\n\t\t\t<div class=\"elementor-column-wrap\">\n\t\t\t\t\t\t\t<div class=\"elementor-widget-wrap\">\n\t\t\t\t\t\t\t\t<\/div>\n\t\t\t\t\t<\/div>\n\t\t<\/div>\n\t\t\t\t\t\t\t\t<\/div>\n\t\t\t\t\t<\/div>\n\t\t<\/section>\n\t\t\t\t<section class=\"elementor-section elementor-top-section elementor-element elementor-element-131d403 elementor-section-boxed elementor-section-height-default elementor-section-height-default\" data-id=\"131d403\" data-element_type=\"section\" data-settings=\"{&quot;background_background&quot;:&quot;classic&quot;}\">\n\t\t\t\t\t\t<div class=\"elementor-container elementor-column-gap-default\">\n\t\t\t\t\t\t\t<div class=\"elementor-row\">\n\t\t\t\t\t<div class=\"elementor-column elementor-col-100 elementor-top-column elementor-element elementor-element-628b9c4\" data-id=\"628b9c4\" data-element_type=\"column\">\n\t\t\t<div class=\"elementor-column-wrap elementor-element-populated\">\n\t\t\t\t\t\t\t<div class=\"elementor-widget-wrap\">\n\t\t\t\t\t\t<div class=\"elementor-element elementor-element-0001b2e elementor-widget elementor-widget-section-title-addons\" data-id=\"0001b2e\" data-element_type=\"widget\" data-widget_type=\"section-title-addons.default\">\n\t\t\t\t<div class=\"elementor-widget-container\">\n\t\t\t            <div class=\"section-title title-style-2 section-title-center\">\r\n                \r\n                <h2>Politica de confidentialitate<\/h2><div class=\"em-bar-main\">\r\n                                <div class=\"em-bar em-bar-big\"><\/div>\r\n                            <\/div>            <\/div>\r\n\r\n        \t\t<\/div>\n\t\t\t\t<\/div>\n\t\t\t\t<div class=\"elementor-element elementor-element-9c075c0 elementor-widget elementor-widget-text-editor\" data-id=\"9c075c0\" data-element_type=\"widget\" data-widget_type=\"text-editor.default\">\n\t\t\t\t<div class=\"elementor-widget-container\">\n\t\t\t\t\t\t\t\t<div class=\"elementor-text-editor elementor-clearfix\">\n\t\t\t\t<p>Politica de confiden\u021bialitate GDPR a Brokerfinanciar.ro (S.C.\u00a0<span class=\"dia_suggestion w7\" contextmenu=\"true\">Consultan\u021b\u0103<\/span>\u00a0<span class=\"dia_suggestion w8\" contextmenu=\"true\">Financiar\u0103<\/span> Premium S.R.L.)<\/p><p>Ultima actualizare: 19 iulie 2020<\/p><p>\u25cf Brokerfinanciar.ro \u00eenseamn\u0103 S.C. <span class=\"dia_suggestion w7\" contextmenu=\"true\">Consultan\u021b\u0103<\/span>\u00a0<span class=\"dia_suggestion w8\" contextmenu=\"true\">Financiar\u0103<\/span> Premium S.R.L.<\/p><p>0764676485<\/p><p><a href=\"mailto:office@brokerfinanciar.com\">office@brokerfinanciar.com<\/a>.<\/p><p>\u25cf GDPR Legea privind reglementarea general\u0103 privind protec\u021bia datelor.<\/p><p>\u25cf Controler de date: Administrator de date \u00eenseamn\u0103 persoana fizic\u0103 sau juridic\u0103 care (fie singur\u0103, fie \u00een comun sau \u00een comun cu alte persoane) stabile\u0219te scopurile pentru care \u0219i modul \u00een care orice informa\u021bie personal\u0103 este sau urmeaz\u0103 s\u0103 fie prelucrat\u0103.<\/p><p>\u25cf Procesor de date: Procesator de date \u00eenseamn\u0103 orice persoan\u0103 fizic\u0103 sau juridic\u0103 care prelucreaz\u0103 datele \u00een numele controlorului de date.<\/p><p>\u25cf Subiectul datelor: Persoana vizat\u0103 este orice persoan\u0103 fizic\u0103 care utilizeaz\u0103 Serviciul nostru \u0219i este subiectul Datelor cu caracter personal.<\/p><p>1. Principii pentru prelucrarea datelor cu caracter personal Principiile noastre pentru prelucrarea datelor cu caracter personal sunt:<\/p><p>\u25cf Corectitudine \u0219i legalitate: C\u00e2nd prelucr\u0103m date cu caracter personal, drepturile individuale ale persoanelor vizate trebuie protejate. Toate datele cu caracter personal trebuie colectate \u0219i prelucrate \u00eentr-un mod legal \u0219i corect.<\/p><p>\u25cf Limitat la un scop specific: Datele cu caracter personal ale persoanei vizate trebuie prelucrate numai \u00een scopuri specifice.<\/p><p>\u25cf Transparen\u021b\u0103:\u00a0 Persoana vizat\u0103 trebuie s\u0103 fie informat\u0103 despre modul \u00een care datele sale sunt colectate, procesate \u0219i utilizate.<\/p><p>2. Ce date cu caracter personal colect\u0103m \u0219i prelucr\u0103m: Brokerfinanciar.ro (S.C.\u00a0<span class=\"dia_suggestion w7\" contextmenu=\"true\">Consultan\u021b\u0103<\/span>\u00a0<span class=\"dia_suggestion w8\" contextmenu=\"true\">Financiar\u0103<\/span> Premium S.R.L.) colecteaz\u0103 mai multe tipuri diferite de date personale \u00een diverse scopuri. Datele cu caracter personal pot include, dar nu se limiteaz\u0103 la:<\/p><p>\u25cf Adresa de e-mail<\/p><p>\u25cf Prenume \u0219i prenume<\/p><p>\u25cf Num\u0103r de telefon<\/p><p>\u25cf Adresa, statul, provincia, codul po\u0219tal \/ localitatea, ora\u0219ul<\/p><p>3. Cum folosim datele personale:\u00a0 Brokerfinanciar.ro (S.C.\u00a0<span class=\"dia_suggestion w7\" contextmenu=\"true\">Consultan\u021b\u0103<\/span>\u00a0<span class=\"dia_suggestion w8\" contextmenu=\"true\">Financiar\u0103<\/span> Premium S.R.L.) folose\u0219te datele personale colectate \u00een diverse scopuri:<\/p><p>\u25cf Pentru a v\u0103 oferi servicii<\/p><p>\u25cf Pentru a v\u0103 anun\u021ba despre modific\u0103rile serviciilor \u0219i \/ sau produselor noastre<\/p><p>\u25cf Pentru a oferi asisten\u021b\u0103 clien\u021bilor<\/p><p>\u25cf Adunarea de analize sau informa\u021bii valoroase, astfel \u00eenc\u00e2t s\u0103 ne putem \u00eembun\u0103t\u0103\u021bi serviciile<\/p><p>\u25cf Pentru a detecta, preveni \u0219i aborda problemele tehnice<\/p><pre id=\"tw-target-text\" class=\"tw-data-text tw-text-large XcVN5d tw-ta\" dir=\"ltr\" data-placeholder=\"Traducere\"><span lang=\"ro\">4. Baza legal\u0103 pentru colectarea \u0219i prelucrarea datelor cu caracter personal\n\nBaza legal\u0103 a Companiei mele pentru colectarea \u0219i utilizarea datelor cu caracter personal descrise \u00een aceast\u0103 Politic\u0103 de protec\u021bie a datelor depinde de datele personale pe care le colect\u0103m \u0219i de contextul specific \u00een care colect\u0103m informa\u021biile:\n\n\u25cf Brokerfinanciar.ro (S.C.\u00a0<span class=\"dia_suggestion w7\" contextmenu=\"true\">Consultan\u021b\u0103<\/span>\u00a0<span class=\"dia_suggestion w8\" contextmenu=\"true\">Financiar\u0103<\/span> Premium S.R.L.) trebuie s\u0103 efectueze un contract cu dvs.\n\u25cf Ai acordat permisiunea Brokerfinanciar.ro (S.C.\u00a0<span class=\"dia_suggestion w7\" contextmenu=\"true\">Consultan\u021b\u0103<\/span>\u00a0<span class=\"dia_suggestion w8\" contextmenu=\"true\">Financiar\u0103<\/span> Premium S.R.L.) pentru a face acest lucru\n\u25cf Prelucrarea datelor dvs. personale este \u00een interesele legitime ale Brokerfinanciar.ro (S.C.\u00a0<span class=\"dia_suggestion w7\" contextmenu=\"true\">Consultan\u021b\u0103<\/span>\u00a0<span class=\"dia_suggestion w8\" contextmenu=\"true\">Financiar\u0103<\/span> Premium S.R.L.)\n\u25cf Brokerfinanciar.ro (S.C.\u00a0<span class=\"dia_suggestion w7\" contextmenu=\"true\">Consultan\u021b\u0103<\/span>\u00a0<span class=\"dia_suggestion w8\" contextmenu=\"true\">Financiar\u0103<\/span> Premium S.R.L.) trebuie s\u0103 respecte legea\n\n5. P\u0103strarea datelor cu caracter personal\n\nBrokerfinanciar.ro (S.C.\u00a0<span class=\"dia_suggestion w7\" contextmenu=\"true\">Consultan\u021b\u0103<\/span>\u00a0<span class=\"dia_suggestion w8\" contextmenu=\"true\">Financiar\u0103<\/span> Premium S.R.L.) va p\u0103stra informa\u021biile dvs. personale numai at\u00e2t timp c\u00e2t este necesar pentru scopurile prev\u0103zute \u00een prezenta Politic\u0103 de protec\u021bie a datelor.\n\nBrokerfinanciar.ro (S.C.\u00a0<span class=\"dia_suggestion w7\" contextmenu=\"true\">Consultan\u021b\u0103<\/span>\u00a0<span class=\"dia_suggestion w8\" contextmenu=\"true\">Financiar\u0103<\/span> Premium S.R.L.) va p\u0103stra \u0219i va folosi informa\u021biile dvs. \u00een m\u0103sura necesar\u0103 pentru a respecta obliga\u021biile noastre legale, va rezolva litigiile \u0219i va aplica politicile noastre.\n\n6. Drepturile de protec\u021bie a datelor<\/span><\/pre><p>Dac\u0103 sunte\u021bi rezident \u00een Spa\u021biul Economic European (SEE), ave\u021bi anumite drepturi de protec\u021bie a datelor. Dac\u0103 dori\u021bi s\u0103 fi\u021bi informa\u021bi ce date cu caracter personal de\u021binem despre dvs. \u0219i dac\u0103 dori\u021bi ca acestea s\u0103 fie eliminate din sistemele noastre, v\u0103 rug\u0103m s\u0103 ne contacta\u021bi. \u00cen anumite circumstan\u021be, ave\u021bi urm\u0103toarele drepturi de protec\u021bie a datelor:<\/p><p>\u25cf Dreptul de a accesa, actualiza sau \u0219terge informa\u021biile pe care le avem<\/p><p>\u25cf Dreptul de rectificare<\/p><p>\u25cf Dreptul de a obiecta<\/p><p>\u25cf Dreptul de restric\u021bie<\/p><p>\u25cf Dreptul la portabilitatea datelor<\/p><p>\u25cf Dreptul de a retrage consim\u021b\u0103m\u00e2ntul<\/p>\t\t\t\t\t<\/div>\n\t\t\t\t\t\t<\/div>\n\t\t\t\t<\/div>\n\t\t\t\t\t\t<\/div>\n\t\t\t\t\t<\/div>\n\t\t<\/div>\n\t\t\t\t\t\t\t\t<\/div>\n\t\t\t\t\t<\/div>\n\t\t<\/section>\n\t\t\t\t\t\t<\/div>\n\t\t\t\t\t\t<\/div>\n\t\t\t\t\t<\/div>\n\t\t","protected":false},"excerpt":{"rendered":"<p>Politica de confidentialitate Politica de confiden\u021bialitate GDPR a Brokerfinanciar.ro (S.C.&nbsp;Consultan\u021b\u0103&nbsp;Financiar\u0103 Premium S.R.L.) Ultima actualizare: 19 iulie 2020 \u25cf Brokerfinanciar.ro \u00eenseamn\u0103 S.C. Consultan\u021b\u0103&nbsp;Financiar\u0103 Premium S.R.L. 0764676485 office@brokerfinanciar.com. \u25cf GDPR Legea privind reglementarea general\u0103 privind protec\u021bia datelor. \u25cf Controler de date: Administrator de date \u00eenseamn\u0103 persoana fizic\u0103 sau juridic\u0103 care (fie singur\u0103, fie \u00een comun sau \u00een [&hellip;]<\/p>\n","protected":false},"author":1,"featured_media":0,"parent":0,"menu_order":0,"comment_status":"closed","ping_status":"closed","template":"page-templates\/template-default.php","meta":{"footnotes":""},"class_list":["post-1572","page","type-page","status-publish","hentry"],"_links":{"self":[{"href":"https:\/\/brokerfinanciar.ro\/index.php\/wp-json\/wp\/v2\/pages\/1572","targetHints":{"allow":["GET"]}}],"collection":[{"href":"https:\/\/brokerfinanciar.ro\/index.php\/wp-json\/wp\/v2\/pages"}],"about":[{"href":"https:\/\/brokerfinanciar.ro\/index.php\/wp-json\/wp\/v2\/types\/page"}],"author":[{"embeddable":true,"href":"https:\/\/brokerfinanciar.ro\/index.php\/wp-json\/wp\/v2\/users\/1"}],"replies":[{"embeddable":true,"href":"https:\/\/brokerfinanciar.ro\/index.php\/wp-json\/wp\/v2\/comments?post=1572"}],"version-history":[{"count":7,"href":"https:\/\/brokerfinanciar.ro\/index.php\/wp-json\/wp\/v2\/pages\/1572\/revisions"}],"predecessor-version":[{"id":4399,"href":"https:\/\/brokerfinanciar.ro\/index.php\/wp-json\/wp\/v2\/pages\/1572\/revisions\/4399"}],"wp:attachment":[{"href":"https:\/\/brokerfinanciar.ro\/index.php\/wp-json\/wp\/v2\/media?parent=1572"}],"curies":[{"name":"wp","href":"https:\/\/api.w.org\/{rel}","templated":true}]}}